{"id":11,"date":"2023-03-29T09:16:05","date_gmt":"2023-03-29T09:16:05","guid":{"rendered":"https:\/\/www.pickup-international.com\/site\/?page_id=11"},"modified":"2026-03-11T14:24:52","modified_gmt":"2026-03-11T14:24:52","slug":"about-pickup","status":"publish","type":"page","link":"https:\/\/www.pickup-international.com\/de\/about-pickup\/","title":{"rendered":"\u00dcber Pickup"},"content":{"rendered":"<p>Die Geschichte von Pickup beginnt 1963 mit der Produktion der ersten selbstklebenden Vinylbuchstaben und -zahlen in Zwolle. 1973 wurde die Marke Pickup offiziell eingefu\u0308hrt.<br><br>Heute, fast 60 Jahre sp\u00e4ter, ist Pickup International ein fu\u0308hrender Anbieter im europ\u00e4ischen DIY-Markt und spezialisiert auf selbstklebende Buchstaben, Zeichens\u00e4tze sowie Kennzeichnungs- und Sicherheitsbeschilderung.<\/p>\n\n\n\n<p><strong>Europ\u00e4ische Produktion &amp; ma\u00dfgeschneiderte L\u00f6sungen ab 1 Stu\u0308ck<\/strong><br>Mit einem modernen Maschinenpark entwickeln und produzieren wir nahezu unser gesamtes Sortiment von u\u0308ber 6.000 Produkten im eigenen Haus. Das schafft maximale Flexibilit\u00e4t \u2013 vom Standardsortiment bis hin zu vollst\u00e4ndig individualisierten L\u00f6sungen.<br><br>Ob spezielles Design, besondere Gr\u00f6\u00dfe oder spezifisches Material: Wir fertigen Ihre L\u00f6sung bereits ab einem Stu\u0308ck.<br><br><strong>Effiziente Pr\u00e4sentation &amp; Distribution<\/strong><br>Neben der Produktentwicklung entwickelt Pickup eigene Display-Systeme fu\u0308r eine effiziente Warenpr\u00e4sentation an mehr als 3.000 Verkaufsstellen.<br><br>Von unserem Hauptsitz in Dedemsvaart aus werden Bestellungen mit einem hochmodernen vertikalen Lagersystem kommissioniert und t\u00e4glich an Kunden und Partner in ganz Europa versendet.<br><br><strong>Europ\u00e4ische Partner &amp; lokale Pr\u00e4senz<\/strong><br>Pickup International arbeitet mit Partnern in ganz Europa zusammen. Unser Team aus 35 engagierten Fachkr\u00e4ften baut t\u00e4glich langfristige Partnerschaften im Einzelhandel, im DIY-Bereich und in der Industrie auf.<\/p>\n\n\n\n<p>Sind Sie auch an einem Pickup-Produktsortiment interessiert? Nehmen Sie dann <a href=\"https:\/\/www.pickup-international.com\/contact\">Kontakt mit uns auf <\/a>.<\/p>\n\n\n\n<div style=\"height:50px\" aria-hidden=\"true\" class=\"wp-block-spacer\"><\/div>\n\n\n<div class=\"wp-block-image\">\n<figure class=\"aligncenter size-full is-resized\"><img loading=\"lazy\" decoding=\"async\" width=\"600\" height=\"1284\" src=\"https:\/\/www.pickup-international.com\/wp-content\/uploads\/2026\/02\/oude-foto-pickup.png\" alt=\"\" class=\"wp-image-4678\" style=\"width:400px\" srcset=\"https:\/\/www.pickup-international.com\/wp-content\/uploads\/2026\/02\/oude-foto-pickup.png 600w, https:\/\/www.pickup-international.com\/wp-content\/uploads\/2026\/02\/oude-foto-pickup-561x1200.png 561w, https:\/\/www.pickup-international.com\/wp-content\/uploads\/2026\/02\/oude-foto-pickup-234x500.png 234w\" sizes=\"auto, (max-width: 600px) 100vw, 600px\" \/><\/figure>\n<\/div>","protected":false},"excerpt":{"rendered":"<p>Die Geschichte von Pickup beginnt 1963 mit der Produktion der ersten selbstklebenden Vinylbuchstaben und -zahlen in Zwolle. 1973 wurde die Marke Pickup offiziell eingefu\u0308hrt. Heute, fast 60 Jahre sp\u00e4ter, ist Pickup International ein fu\u0308hrender Anbieter im europ\u00e4ischen DIY-Markt und spezialisiert auf selbstklebende Buchstaben, Zeichens\u00e4tze sowie&#8230;<\/p>\n","protected":false},"author":1,"featured_media":0,"parent":0,"menu_order":5,"comment_status":"closed","ping_status":"closed","template":"","meta":{"_acf_changed":false,"footnotes":""},"class_list":["post-11","page","type-page","status-publish","hentry"],"acf":[],"_links":{"self":[{"href":"https:\/\/www.pickup-international.com\/de\/wp-json\/wp\/v2\/pages\/11","targetHints":{"allow":["GET"]}}],"collection":[{"href":"https:\/\/www.pickup-international.com\/de\/wp-json\/wp\/v2\/pages"}],"about":[{"href":"https:\/\/www.pickup-international.com\/de\/wp-json\/wp\/v2\/types\/page"}],"author":[{"embeddable":true,"href":"https:\/\/www.pickup-international.com\/de\/wp-json\/wp\/v2\/users\/1"}],"replies":[{"embeddable":true,"href":"https:\/\/www.pickup-international.com\/de\/wp-json\/wp\/v2\/comments?post=11"}],"version-history":[{"count":23,"href":"https:\/\/www.pickup-international.com\/de\/wp-json\/wp\/v2\/pages\/11\/revisions"}],"predecessor-version":[{"id":4850,"href":"https:\/\/www.pickup-international.com\/de\/wp-json\/wp\/v2\/pages\/11\/revisions\/4850"}],"wp:attachment":[{"href":"https:\/\/www.pickup-international.com\/de\/wp-json\/wp\/v2\/media?parent=11"}],"curies":[{"name":"wp","href":"https:\/\/api.w.org\/{rel}","templated":true}]}}