{"id":11,"date":"2023-03-29T09:16:05","date_gmt":"2023-03-29T09:16:05","guid":{"rendered":"https:\/\/www.pickup-international.com\/site\/?page_id=11"},"modified":"2026-03-11T14:24:52","modified_gmt":"2026-03-11T14:24:52","slug":"about-pickup","status":"publish","type":"page","link":"https:\/\/www.pickup-international.com\/fr\/about-pickup\/","title":{"rendered":"Au sujet de Pickup"},"content":{"rendered":"<p>L\u2019histoire de Pickup remonte \u00e0 1963, lorsque les premi\u00e8res lettres et chiffres autocollants en vinyle ont \u00e9t\u00e9 produits \u00e0 Zwolle. La marque Pickup a \u00e9t\u00e9 officiellement lanc\u00e9e en 1973.<br><br>Pr\u00e8s de 60 ans plus tard, Pickup International est devenu un fournisseur majeur sur le march\u00e9 europ\u00e9en du bricolage, sp\u00e9cialis\u00e9 dans les lettres autocollantes, les planches de caract\u00e8res, les solutions de marquage et la signal\u00e9tique de s\u00e9curit\u00e9.<\/p>\n\n\n\n<p><strong>Production europ\u00e9enne &amp; solutions personnalis\u00e9es d\u00e8s 1 pi\u00e8ce<\/strong><br>Gr\u00e2ce \u00e0 un parc machines moderne, nous d\u00e9veloppons et fabriquons en interne presque l\u2019ensemble de notre assortiment de plus de 6 000 produits. Cela garantit une flexibilit\u00e9 maximale, du standard aux solutions enti\u00e8rement personnalis\u00e9es.<br><br>Que vous ayez besoin d\u2019un design sp\u00e9cifique, d\u2019un format particulier ou d\u2019un mat\u00e9riau pr\u00e9cis, nous produisons votre solution sur mesure \u00e0 partir d\u2019une seule pi\u00e8ce.<\/p>\n\n\n\n<p><strong>Pr\u00e9sentation &amp; distribution efficaces<\/strong><br>En plus du d\u00e9veloppement produit, Pickup con\u00e7oit ses propres supports de pr\u00e9sentation afin d\u2019assurer une mise en rayon optimale dans plus de 3 000 points de vente.<br><br>Depuis notre si\u00e8ge \u00e0 Dedemsvaart, les commandes sont pr\u00e9par\u00e9es via un syst\u00e8me de stockage vertical ultramoderne et exp\u00e9di\u00e9es quotidiennement vers nos clients et partenaires \u00e0 travers l\u2019Europe.<br><br><strong>Partenaires europ\u00e9ens &amp; repr\u00e9sentation locale<\/strong><br>Pickup International collabore avec des partenaires dans toute l\u2019Europe. Notre \u00e9quipe de 35 professionnels engag\u00e9s construit chaque jour des partenariats durables dans les secteurs du retail, du bricolage et de l\u2019industrie.<\/p>\n\n\n\n<p>Vous \u00eates \u00e9galement int\u00e9ress\u00e9 par une ligne de produits Pickup ?<br>Alors, veuillez nous <a href=\"https:\/\/www.pickup-international.com\/contact\">contacter directement<\/a>.<\/p>\n\n\n\n<div style=\"height:50px\" aria-hidden=\"true\" class=\"wp-block-spacer\"><\/div>\n\n\n<div class=\"wp-block-image\">\n<figure class=\"aligncenter size-full is-resized\"><img loading=\"lazy\" decoding=\"async\" width=\"600\" height=\"1284\" src=\"https:\/\/www.pickup-international.com\/wp-content\/uploads\/2026\/02\/oude-foto-pickup.png\" alt=\"\" class=\"wp-image-4678\" style=\"width:400px\" srcset=\"https:\/\/www.pickup-international.com\/wp-content\/uploads\/2026\/02\/oude-foto-pickup.png 600w, https:\/\/www.pickup-international.com\/wp-content\/uploads\/2026\/02\/oude-foto-pickup-561x1200.png 561w, https:\/\/www.pickup-international.com\/wp-content\/uploads\/2026\/02\/oude-foto-pickup-234x500.png 234w\" sizes=\"auto, (max-width: 600px) 100vw, 600px\" \/><\/figure>\n<\/div>","protected":false},"excerpt":{"rendered":"<p>L\u2019histoire de Pickup remonte \u00e0 1963, lorsque les premi\u00e8res lettres et chiffres autocollants en vinyle ont \u00e9t\u00e9 produits \u00e0 Zwolle. La marque Pickup a \u00e9t\u00e9 officiellement lanc\u00e9e en 1973. Pr\u00e8s de 60 ans plus tard, Pickup International est devenu un fournisseur majeur sur le march\u00e9&#8230;<\/p>\n","protected":false},"author":1,"featured_media":0,"parent":0,"menu_order":5,"comment_status":"closed","ping_status":"closed","template":"","meta":{"_acf_changed":false,"footnotes":""},"class_list":["post-11","page","type-page","status-publish","hentry"],"acf":[],"_links":{"self":[{"href":"https:\/\/www.pickup-international.com\/fr\/wp-json\/wp\/v2\/pages\/11","targetHints":{"allow":["GET"]}}],"collection":[{"href":"https:\/\/www.pickup-international.com\/fr\/wp-json\/wp\/v2\/pages"}],"about":[{"href":"https:\/\/www.pickup-international.com\/fr\/wp-json\/wp\/v2\/types\/page"}],"author":[{"embeddable":true,"href":"https:\/\/www.pickup-international.com\/fr\/wp-json\/wp\/v2\/users\/1"}],"replies":[{"embeddable":true,"href":"https:\/\/www.pickup-international.com\/fr\/wp-json\/wp\/v2\/comments?post=11"}],"version-history":[{"count":24,"href":"https:\/\/www.pickup-international.com\/fr\/wp-json\/wp\/v2\/pages\/11\/revisions"}],"predecessor-version":[{"id":4850,"href":"https:\/\/www.pickup-international.com\/fr\/wp-json\/wp\/v2\/pages\/11\/revisions\/4850"}],"wp:attachment":[{"href":"https:\/\/www.pickup-international.com\/fr\/wp-json\/wp\/v2\/media?parent=11"}],"curies":[{"name":"wp","href":"https:\/\/api.w.org\/{rel}","templated":true}]}}