{"id":4556,"date":"2026-02-23T09:50:22","date_gmt":"2026-02-23T09:50:22","guid":{"rendered":"https:\/\/www.pickup-international.com\/?page_id=4556"},"modified":"2026-03-02T15:00:29","modified_gmt":"2026-03-02T15:00:29","slug":"thanks","status":"publish","type":"page","link":"https:\/\/www.pickup-international.com\/fr\/thanks\/","title":{"rendered":"Merci"},"content":{"rendered":"<p><strong>Merci pour la transmission de vos informations.<\/strong><br>Nous avons bien re\u00e7u votre demande et nous vous contacterons dans les plus brefs d\u00e9lais.<br><br>Cordialement,<br>\u00c9quipe Pickup International<\/p>","protected":false},"excerpt":{"rendered":"<p>Merci pour la transmission de vos informations.Nous avons bien re\u00e7u votre demande et nous vous contacterons dans les plus brefs d\u00e9lais. Cordialement,\u00c9quipe Pickup International<\/p>\n","protected":false},"author":1,"featured_media":0,"parent":0,"menu_order":0,"comment_status":"closed","ping_status":"closed","template":"","meta":{"_acf_changed":false,"footnotes":""},"class_list":["post-4556","page","type-page","status-publish","hentry"],"acf":[],"_links":{"self":[{"href":"https:\/\/www.pickup-international.com\/fr\/wp-json\/wp\/v2\/pages\/4556","targetHints":{"allow":["GET"]}}],"collection":[{"href":"https:\/\/www.pickup-international.com\/fr\/wp-json\/wp\/v2\/pages"}],"about":[{"href":"https:\/\/www.pickup-international.com\/fr\/wp-json\/wp\/v2\/types\/page"}],"author":[{"embeddable":true,"href":"https:\/\/www.pickup-international.com\/fr\/wp-json\/wp\/v2\/users\/1"}],"replies":[{"embeddable":true,"href":"https:\/\/www.pickup-international.com\/fr\/wp-json\/wp\/v2\/comments?post=4556"}],"version-history":[{"count":2,"href":"https:\/\/www.pickup-international.com\/fr\/wp-json\/wp\/v2\/pages\/4556\/revisions"}],"predecessor-version":[{"id":4773,"href":"https:\/\/www.pickup-international.com\/fr\/wp-json\/wp\/v2\/pages\/4556\/revisions\/4773"}],"wp:attachment":[{"href":"https:\/\/www.pickup-international.com\/fr\/wp-json\/wp\/v2\/media?parent=4556"}],"curies":[{"name":"wp","href":"https:\/\/api.w.org\/{rel}","templated":true}]}}