{"id":8,"date":"2023-03-29T08:23:32","date_gmt":"2023-03-29T08:23:32","guid":{"rendered":"https:\/\/www.pickup-international.com\/site\/?page_id=8"},"modified":"2025-10-20T06:52:39","modified_gmt":"2025-10-20T06:52:39","slug":"home","status":"publish","type":"page","link":"https:\/\/www.pickup-international.com\/fr\/","title":{"rendered":"Home"},"content":{"rendered":"<h2 class=\"wp-block-heading\">Pickup International pour plus de clart\u00e9 et de s\u00e9curit\u00e9<\/h2>\n\n\n\n<p id=\"tw-target-text\">Avec les articles de lettrage et signal\u00e9tique de Pickup International, vous pouvez communiquer directement et clairement ce que vous voulez, avec qui vous voulez.<\/p>","protected":false},"excerpt":{"rendered":"<p>Pickup International pour plus de clart\u00e9 et de s\u00e9curit\u00e9 Avec les articles de lettrage et signal\u00e9tique de Pickup International, vous pouvez communiquer directement et clairement ce que vous voulez, avec qui vous voulez.<\/p>\n","protected":false},"author":1,"featured_media":0,"parent":0,"menu_order":4,"comment_status":"closed","ping_status":"closed","template":"","meta":{"_acf_changed":false,"footnotes":""},"class_list":["post-8","page","type-page","status-publish","hentry"],"acf":[],"_links":{"self":[{"href":"https:\/\/www.pickup-international.com\/fr\/wp-json\/wp\/v2\/pages\/8","targetHints":{"allow":["GET"]}}],"collection":[{"href":"https:\/\/www.pickup-international.com\/fr\/wp-json\/wp\/v2\/pages"}],"about":[{"href":"https:\/\/www.pickup-international.com\/fr\/wp-json\/wp\/v2\/types\/page"}],"author":[{"embeddable":true,"href":"https:\/\/www.pickup-international.com\/fr\/wp-json\/wp\/v2\/users\/1"}],"replies":[{"embeddable":true,"href":"https:\/\/www.pickup-international.com\/fr\/wp-json\/wp\/v2\/comments?post=8"}],"version-history":[{"count":25,"href":"https:\/\/www.pickup-international.com\/fr\/wp-json\/wp\/v2\/pages\/8\/revisions"}],"predecessor-version":[{"id":4308,"href":"https:\/\/www.pickup-international.com\/fr\/wp-json\/wp\/v2\/pages\/8\/revisions\/4308"}],"wp:attachment":[{"href":"https:\/\/www.pickup-international.com\/fr\/wp-json\/wp\/v2\/media?parent=8"}],"curies":[{"name":"wp","href":"https:\/\/api.w.org\/{rel}","templated":true}]}}